{"id":11,"date":"2026-02-08T17:31:52","date_gmt":"2026-02-08T17:31:52","guid":{"rendered":"https:\/\/jcpictu.cluster029.hosting.ovh.net\/rollingchairs\/?page_id=11"},"modified":"2026-02-17T14:45:36","modified_gmt":"2026-02-17T14:45:36","slug":"activites","status":"publish","type":"page","link":"https:\/\/www.lesrollingchairs.be\/?page_id=11","title":{"rendered":"Activit\u00e9s"},"content":{"rendered":"\n    <div class=\"col-md-4 col-sm-6 service-sports-block\">\n      <div class=\"service-single-wrapper\">\n        <figure class=\"section-sports-service-block\">\n            \n        <img decoding=\"async\" class=\"secondry-bg img-responsive\" src=\"https:\/\/www.lesrollingchairs.be\/wp-content\/uploads\/2026\/02\/MG_3800.jpg\" alt=\"Basket en chaise\" \/> \n        <figcaption>\n        <\/figcaption>\n        <a href=\"https:\/\/www.lesrollingchairs.be\/?our-sport=basket-en-chaise\"><\/a>\n      <\/figure>\n      <div class=\"service-single-wrapper-content\">\n        <h3>  <a href=\"https:\/\/www.lesrollingchairs.be\/?our-sport=basket-en-chaise\"> Basket en chaise <\/a><\/h3>\n        <div class=\"clearfix\"><\/div>\n        <p>\r\nIntense - Inclusif - Spectaculaire.\r\n\r\nHoraire :\r\nJeudi 20h30 - 22h30\r\n\r\nLieu :\r\nHall omnisport de... <\/p>\n        <div class=\"clearfix\"> <\/div>\n        \n                  <a class=\"btn btn-lg\" href=\"https:\/\/www.lesrollingchairs.be\/?our-sport=basket-en-chaise\" data-hover=\"Plus d'infos\"> Plus d'infos<\/a>\n                <div class=\"clearfix\"><\/div>\n      <\/div>\n    <\/div>\n\n  <script>\n    jQuery.noConflict();\n    $(function(){\n      function servicesinglewrappercontentHeight(){\n        var ht = 0;\n        $('div#content-box .service-single-wrapper-content').each(function(i){\n          var tHt = $(this).height();\n          if(ht<tHt){\n            ht=tHt;\n          }\n        });\n        $('div#content-box .service-single-wrapper-content').height(ht+'px');\n      }\n      servicesinglewrappercontentHeight();\n    });\n    $( window ).resize(function(){\n      servicesinglewrappercontentHeight();\n    });\n  <\/script>\n\n  <\/div>\n\n\n      <div class=\"col-md-4 col-sm-6 service-sports-block\">\n      <div class=\"service-single-wrapper\">\n        <figure class=\"section-sports-service-block\">\n            \n        <img decoding=\"async\" class=\"secondry-bg img-responsive\" src=\"https:\/\/www.lesrollingchairs.be\/wp-content\/uploads\/2026\/02\/badminton.jpg\" alt=\"Badminton en chaise et debout.\" \/> \n        <figcaption>\n        <\/figcaption>\n        <a href=\"https:\/\/www.lesrollingchairs.be\/?our-sport=badminton-en-chaise\"><\/a>\n      <\/figure>\n      <div class=\"service-single-wrapper-content\">\n        <h3>  <a href=\"https:\/\/www.lesrollingchairs.be\/?our-sport=badminton-en-chaise\"> Badminton en chaise et debout. <\/a><\/h3>\n        <div class=\"clearfix\"><\/div>\n        <p>\r\nVitesse - - Pr\u00e9cision.\r\n\r\nHoraire :\r\nMardi 16h15 - 17h45\r\n\r\nLieu :\r\nHall omnisport de verlaine\r\nRu <\/p>\n        <div class=\"clearfix\"> <\/div>\n        \n                  <a class=\"btn btn-lg\" href=\"https:\/\/www.lesrollingchairs.be\/?our-sport=badminton-en-chaise\" data-hover=\"Plus d'infos\"> Plus d'infos<\/a>\n                <div class=\"clearfix\"><\/div>\n      <\/div>\n    <\/div>\n\n  <script>\n    jQuery.noConflict();\n    $(function(){\n      function servicesinglewrappercontentHeight(){\n        var ht = 0;\n        $('div#content-box .service-single-wrapper-content').each(function(i){\n          var tHt = $(this).height();\n          if(ht<tHt){\n            ht=tHt;\n          }\n        });\n        $('div#content-box .service-single-wrapper-content').height(ht+'px');\n      }\n      servicesinglewrappercontentHeight();\n    });\n    $( window ).resize(function(){\n      servicesinglewrappercontentHeight();\n    });\n  <\/script>\n\n  <\/div>\n\n\n      <div class=\"col-md-4 col-sm-6 service-sports-block\">\n      <div class=\"service-single-wrapper\">\n        <figure class=\"section-sports-service-block\">\n            \n        <img decoding=\"async\" class=\"secondry-bg img-responsive\" src=\"https:\/\/www.lesrollingchairs.be\/wp-content\/uploads\/2026\/02\/MG_4810.jpg\" alt=\"Handball en chaise.\" \/> \n        <figcaption>\n        <\/figcaption>\n        <a href=\"https:\/\/www.lesrollingchairs.be\/?our-sport=handball-en-chaise\"><\/a>\n      <\/figure>\n      <div class=\"service-single-wrapper-content\">\n        <h3>  <a href=\"https:\/\/www.lesrollingchairs.be\/?our-sport=handball-en-chaise\"> Handball en chaise. <\/a><\/h3>\n        <div class=\"clearfix\"><\/div>\n        <p>\r\nIntense - Solidarit\u00e9 - Action.\r\n\r\nHoraire :\r\nVendredi 18h00 - 19h30\r\n\r\nLieu :\r\nHall omnisport de A <\/p>\n        <div class=\"clearfix\"> <\/div>\n        \n                  <a class=\"btn btn-lg\" href=\"https:\/\/www.lesrollingchairs.be\/?our-sport=handball-en-chaise\" data-hover=\"Plus d'infos\"> Plus d'infos<\/a>\n                <div class=\"clearfix\"><\/div>\n      <\/div>\n    <\/div>\n\n  <script>\n    jQuery.noConflict();\n    $(function(){\n      function servicesinglewrappercontentHeight(){\n        var ht = 0;\n        $('div#content-box .service-single-wrapper-content').each(function(i){\n          var tHt = $(this).height();\n          if(ht<tHt){\n            ht=tHt;\n          }\n        });\n        $('div#content-box .service-single-wrapper-content').height(ht+'px');\n      }\n      servicesinglewrappercontentHeight();\n    });\n    $( window ).resize(function(){\n      servicesinglewrappercontentHeight();\n    });\n  <\/script>\n\n  <\/div>\n\n\n      <div class=\"col-md-4 col-sm-6 service-sports-block\">\n      <div class=\"service-single-wrapper\">\n        <figure class=\"section-sports-service-block\">\n            \n        <img decoding=\"async\" class=\"secondry-bg img-responsive\" src=\"https:\/\/www.lesrollingchairs.be\/wp-content\/uploads\/2026\/02\/Tennis_002.jpg\" alt=\"Tennis en chaise\" \/> \n        <figcaption>\n        <\/figcaption>\n        <a href=\"https:\/\/www.lesrollingchairs.be\/?our-sport=tennis\"><\/a>\n      <\/figure>\n      <div class=\"service-single-wrapper-content\">\n        <h3>  <a href=\"https:\/\/www.lesrollingchairs.be\/?our-sport=tennis\"> Tennis en chaise <\/a><\/h3>\n        <div class=\"clearfix\"><\/div>\n        <p>\r\nPr\u00e9cision - Mobilit\u00e9 - D\u00e9passement.\r\n\r\nLieu 1:\r\nMardi 12h30 - 14h00\r\nTennis club de Ans\r\nRoute mil <\/p>\n        <div class=\"clearfix\"> <\/div>\n        \n                  <a class=\"btn btn-lg\" href=\"https:\/\/www.lesrollingchairs.be\/?our-sport=tennis\" data-hover=\"Plus d'infos\"> Plus d'infos<\/a>\n                <div class=\"clearfix\"><\/div>\n      <\/div>\n    <\/div>\n\n  <script>\n    jQuery.noConflict();\n    $(function(){\n      function servicesinglewrappercontentHeight(){\n        var ht = 0;\n        $('div#content-box .service-single-wrapper-content').each(function(i){\n          var tHt = $(this).height();\n          if(ht<tHt){\n            ht=tHt;\n          }\n        });\n        $('div#content-box .service-single-wrapper-content').height(ht+'px');\n      }\n      servicesinglewrappercontentHeight();\n    });\n    $( window ).resize(function(){\n      servicesinglewrappercontentHeight();\n    });\n  <\/script>\n\n  <\/div>\n\n\n      <div class=\"col-md-4 col-sm-6 service-sports-block\">\n      <div class=\"service-single-wrapper\">\n        <figure class=\"section-sports-service-block\">\n            \n        <img decoding=\"async\" class=\"secondry-bg img-responsive\" src=\"https:\/\/www.lesrollingchairs.be\/wp-content\/uploads\/2026\/02\/voile_2.jpg\" alt=\"Handivoile\" \/> \n        <figcaption>\n        <\/figcaption>\n        <a href=\"https:\/\/www.lesrollingchairs.be\/?our-sport=voile-adaptee\"><\/a>\n      <\/figure>\n      <div class=\"service-single-wrapper-content\">\n        <h3>  <a href=\"https:\/\/www.lesrollingchairs.be\/?our-sport=voile-adaptee\"> Handivoile <\/a><\/h3>\n        <div class=\"clearfix\"><\/div>\n        <p>\r\nLibert\u00e9 - Plaisir - Aventure.\r\n\r\nHoraire :\r\nSamedi 9h00 - 12h30\r\nComp\u00e9titions le dimanche 10h00 -  <\/p>\n        <div class=\"clearfix\"> <\/div>\n        \n                  <a class=\"btn btn-lg\" href=\"https:\/\/www.lesrollingchairs.be\/?our-sport=voile-adaptee\" data-hover=\"Plus d'infos\"> Plus d'infos<\/a>\n                <div class=\"clearfix\"><\/div>\n      <\/div>\n    <\/div>\n\n  <script>\n    jQuery.noConflict();\n    $(function(){\n      function servicesinglewrappercontentHeight(){\n        var ht = 0;\n        $('div#content-box .service-single-wrapper-content').each(function(i){\n          var tHt = $(this).height();\n          if(ht<tHt){\n            ht=tHt;\n          }\n        });\n        $('div#content-box .service-single-wrapper-content').height(ht+'px');\n      }\n      servicesinglewrappercontentHeight();\n    });\n    $( window ).resize(function(){\n      servicesinglewrappercontentHeight();\n    });\n  <\/script>\n\n  <\/div>\n\n\n      <div class=\"col-md-4 col-sm-6 service-sports-block\">\n      <div class=\"service-single-wrapper\">\n        <figure class=\"section-sports-service-block\">\n            \n        <img decoding=\"async\" class=\"secondry-bg img-responsive\" src=\"https:\/\/www.lesrollingchairs.be\/wp-content\/uploads\/2026\/02\/Aviron_1.jpg\" alt=\"Aviron adapt\u00e9\" \/> \n        <figcaption>\n        <\/figcaption>\n        <a href=\"https:\/\/www.lesrollingchairs.be\/?our-sport=aviron-adapte\"><\/a>\n      <\/figure>\n      <div class=\"service-single-wrapper-content\">\n        <h3>  <a href=\"https:\/\/www.lesrollingchairs.be\/?our-sport=aviron-adapte\"> Aviron adapt\u00e9 <\/a><\/h3>\n        <div class=\"clearfix\"><\/div>\n        <p>\r\nRythme - Force - Libert\u00e9.\r\n\r\nHoraire :\r\nmercredi 14h00 - 17h00\r\n\r\nLieu :\r\nIle Robinson\r\nVis\u00e9\r\n\r\nRe <\/p>\n        <div class=\"clearfix\"> <\/div>\n        \n                  <a class=\"btn btn-lg\" href=\"https:\/\/www.lesrollingchairs.be\/?our-sport=aviron-adapte\" data-hover=\"Plus d'infos\"> Plus d'infos<\/a>\n                <div class=\"clearfix\"><\/div>\n      <\/div>\n    <\/div>\n\n  <script>\n    jQuery.noConflict();\n    $(function(){\n      function servicesinglewrappercontentHeight(){\n        var ht = 0;\n        $('div#content-box .service-single-wrapper-content').each(function(i){\n          var tHt = $(this).height();\n          if(ht<tHt){\n            ht=tHt;\n          }\n        });\n        $('div#content-box .service-single-wrapper-content').height(ht+'px');\n      }\n      servicesinglewrappercontentHeight();\n    });\n    $( window ).resize(function(){\n      servicesinglewrappercontentHeight();\n    });\n  <\/script>\n\n  <\/div>\n\n\n      <div class=\"col-md-4 col-sm-6 service-sports-block\">\n      <div class=\"service-single-wrapper\">\n        <figure class=\"section-sports-service-block\">\n            \n        <img decoding=\"async\" class=\"secondry-bg img-responsive\" src=\"https:\/\/www.lesrollingchairs.be\/wp-content\/uploads\/2026\/02\/Ski-nautique_2.jpg\" alt=\"Ski nautique adapt\u00e9 Sitwake\" \/> \n        <figcaption>\n        <\/figcaption>\n        <a href=\"https:\/\/www.lesrollingchairs.be\/?our-sport=ski-nautique-adapte\"><\/a>\n      <\/figure>\n      <div class=\"service-single-wrapper-content\">\n        <h3>  <a href=\"https:\/\/www.lesrollingchairs.be\/?our-sport=ski-nautique-adapte\"> Ski nautique adapt\u00e9 Sitwake <\/a><\/h3>\n        <div class=\"clearfix\"><\/div>\n        <p>\r\nAdrenaline - Libert\u00e9 - Plaisir.\r\n\r\nHoraire :\r\n8 S\u00e9ances \/ an\r\n35\u20ac\/ session avec tout le mat\u00e9riel \u00e0 <\/p>\n        <div class=\"clearfix\"> <\/div>\n        \n                  <a class=\"btn btn-lg\" href=\"https:\/\/www.lesrollingchairs.be\/?our-sport=ski-nautique-adapte\" data-hover=\"Plus d'infos\"> Plus d'infos<\/a>\n                <div class=\"clearfix\"><\/div>\n      <\/div>\n    <\/div>\n\n  <script>\n    jQuery.noConflict();\n    $(function(){\n      function servicesinglewrappercontentHeight(){\n        var ht = 0;\n        $('div#content-box .service-single-wrapper-content').each(function(i){\n          var tHt = $(this).height();\n          if(ht<tHt){\n            ht=tHt;\n          }\n        });\n        $('div#content-box .service-single-wrapper-content').height(ht+'px');\n      }\n      servicesinglewrappercontentHeight();\n    });\n    $( window ).resize(function(){\n      servicesinglewrappercontentHeight();\n    });\n  <\/script>\n\n  <\/div>\n\n\n      <div class=\"col-md-4 col-sm-6 service-sports-block\">\n      <div class=\"service-single-wrapper\">\n        <figure class=\"section-sports-service-block\">\n            \n        <img decoding=\"async\" class=\"secondry-bg img-responsive\" src=\"https:\/\/www.lesrollingchairs.be\/wp-content\/uploads\/2026\/02\/paddle_3.jpg\" alt=\"Kayak \/ paddle  adapt\u00e9.\" \/> \n        <figcaption>\n        <\/figcaption>\n        <a href=\"https:\/\/www.lesrollingchairs.be\/?our-sport=kayak-adapte\"><\/a>\n      <\/figure>\n      <div class=\"service-single-wrapper-content\">\n        <h3>  <a href=\"https:\/\/www.lesrollingchairs.be\/?our-sport=kayak-adapte\"> Kayak \/ paddle  adapt\u00e9. <\/a><\/h3>\n        <div class=\"clearfix\"><\/div>\n        <p>\r\nLibert\u00e9 - Evasion - Plaisir.\r\n\r\nHoraire :\r\nPossibilit\u00e9 de r\u00e9server une sortie encr\u00e9e le samedi\r\n\r\n <\/p>\n        <div class=\"clearfix\"> <\/div>\n        \n                  <a class=\"btn btn-lg\" href=\"https:\/\/www.lesrollingchairs.be\/?our-sport=kayak-adapte\" data-hover=\"Plus d'infos\"> Plus d'infos<\/a>\n                <div class=\"clearfix\"><\/div>\n      <\/div>\n    <\/div>\n\n  <script>\n    jQuery.noConflict();\n    $(function(){\n      function servicesinglewrappercontentHeight(){\n        var ht = 0;\n        $('div#content-box .service-single-wrapper-content').each(function(i){\n          var tHt = $(this).height();\n          if(ht<tHt){\n            ht=tHt;\n          }\n        });\n        $('div#content-box .service-single-wrapper-content').height(ht+'px');\n      }\n      servicesinglewrappercontentHeight();\n    });\n    $( window ).resize(function(){\n      servicesinglewrappercontentHeight();\n    });\n  <\/script>\n\n  <\/div>\n\n\n  \n","protected":false},"excerpt":{"rendered":"","protected":false},"author":1,"featured_media":0,"parent":0,"menu_order":0,"comment_status":"closed","ping_status":"closed","template":"","meta":{"footnotes":""},"class_list":["post-11","page","type-page","status-publish","hentry"],"_links":{"self":[{"href":"https:\/\/www.lesrollingchairs.be\/index.php?rest_route=\/wp\/v2\/pages\/11","targetHints":{"allow":["GET"]}}],"collection":[{"href":"https:\/\/www.lesrollingchairs.be\/index.php?rest_route=\/wp\/v2\/pages"}],"about":[{"href":"https:\/\/www.lesrollingchairs.be\/index.php?rest_route=\/wp\/v2\/types\/page"}],"author":[{"embeddable":true,"href":"https:\/\/www.lesrollingchairs.be\/index.php?rest_route=\/wp\/v2\/users\/1"}],"replies":[{"embeddable":true,"href":"https:\/\/www.lesrollingchairs.be\/index.php?rest_route=%2Fwp%2Fv2%2Fcomments&post=11"}],"version-history":[{"count":6,"href":"https:\/\/www.lesrollingchairs.be\/index.php?rest_route=\/wp\/v2\/pages\/11\/revisions"}],"predecessor-version":[{"id":311,"href":"https:\/\/www.lesrollingchairs.be\/index.php?rest_route=\/wp\/v2\/pages\/11\/revisions\/311"}],"wp:attachment":[{"href":"https:\/\/www.lesrollingchairs.be\/index.php?rest_route=%2Fwp%2Fv2%2Fmedia&parent=11"}],"curies":[{"name":"wp","href":"https:\/\/api.w.org\/{rel}","templated":true}]}}