{"id":15,"date":"2026-02-08T17:32:33","date_gmt":"2026-02-08T17:32:33","guid":{"rendered":"https:\/\/jcpictu.cluster029.hosting.ovh.net\/rollingchairs\/?page_id=15"},"modified":"2026-03-24T21:23:37","modified_gmt":"2026-03-24T21:23:37","slug":"evenements","status":"publish","type":"page","link":"https:\/\/www.lesrollingchairs.be\/?page_id=15","title":{"rendered":"Evenements"},"content":{"rendered":"\n<p><\/p>\n\n\n\n<p><\/p>\n\n\n\n<p><\/p>\n\n\n<div class=\"wp-block-image\">\n<figure class=\"aligncenter size-full\"><img loading=\"lazy\" decoding=\"async\" width=\"463\" height=\"671\" src=\"https:\/\/jcpictu.cluster029.hosting.ovh.net\/rollingchairs\/wp-content\/uploads\/2026\/03\/0c90da04-d8be-4bdc-9374-e208ad7c3874.jpg\" alt=\"\" class=\"wp-image-399\" srcset=\"https:\/\/www.lesrollingchairs.be\/wp-content\/uploads\/2026\/03\/0c90da04-d8be-4bdc-9374-e208ad7c3874.jpg 463w, https:\/\/www.lesrollingchairs.be\/wp-content\/uploads\/2026\/03\/0c90da04-d8be-4bdc-9374-e208ad7c3874-207x300.jpg 207w\" sizes=\"auto, (max-width: 463px) 100vw, 463px\" \/><\/figure>\n<\/div>\n\n\n<p><\/p>\n\n\n\n<p><\/p>\n\n\n<div class=\"wp-block-image\">\n<figure class=\"aligncenter size-full\"><img loading=\"lazy\" decoding=\"async\" width=\"526\" height=\"738\" src=\"http:\/\/jcpictu.cluster029.hosting.ovh.net\/rollingchairs\/wp-content\/uploads\/2026\/03\/635125223_10243032409606845_4234909093523810182_n.jpg\" alt=\"\" class=\"wp-image-330\" srcset=\"https:\/\/www.lesrollingchairs.be\/wp-content\/uploads\/2026\/03\/635125223_10243032409606845_4234909093523810182_n.jpg 526w, https:\/\/www.lesrollingchairs.be\/wp-content\/uploads\/2026\/03\/635125223_10243032409606845_4234909093523810182_n-214x300.jpg 214w\" sizes=\"auto, (max-width: 526px) 100vw, 526px\" \/><\/figure>\n<\/div>\n\n\n<p><\/p>\n\n\n<div class=\"wp-block-image\">\n<figure class=\"aligncenter size-full\"><img loading=\"lazy\" decoding=\"async\" width=\"512\" height=\"640\" src=\"http:\/\/jcpictu.cluster029.hosting.ovh.net\/rollingchairs\/wp-content\/uploads\/2026\/03\/645909324_17993432765921361_2782783070468661576_n.jpg\" alt=\"\" class=\"wp-image-329\" srcset=\"https:\/\/www.lesrollingchairs.be\/wp-content\/uploads\/2026\/03\/645909324_17993432765921361_2782783070468661576_n.jpg 512w, https:\/\/www.lesrollingchairs.be\/wp-content\/uploads\/2026\/03\/645909324_17993432765921361_2782783070468661576_n-240x300.jpg 240w\" sizes=\"auto, (max-width: 512px) 100vw, 512px\" \/><\/figure>\n<\/div>\n\n<div class=\"wp-block-image\">\n<figure class=\"aligncenter size-large\"><img loading=\"lazy\" decoding=\"async\" width=\"576\" height=\"1024\" src=\"http:\/\/www.lesrollingchairs.be\/wp-content\/uploads\/2026\/03\/WhatsApp-Image-2026-02-24-at-21.30.41-576x1024.jpeg\" alt=\"R\u00e9gate Hansa \u00e0 Vis\u00e9\" class=\"wp-image-431\" srcset=\"https:\/\/www.lesrollingchairs.be\/wp-content\/uploads\/2026\/03\/WhatsApp-Image-2026-02-24-at-21.30.41-576x1024.jpeg 576w, https:\/\/www.lesrollingchairs.be\/wp-content\/uploads\/2026\/03\/WhatsApp-Image-2026-02-24-at-21.30.41-169x300.jpeg 169w, https:\/\/www.lesrollingchairs.be\/wp-content\/uploads\/2026\/03\/WhatsApp-Image-2026-02-24-at-21.30.41-768x1365.jpeg 768w, https:\/\/www.lesrollingchairs.be\/wp-content\/uploads\/2026\/03\/WhatsApp-Image-2026-02-24-at-21.30.41-864x1536.jpeg 864w, https:\/\/www.lesrollingchairs.be\/wp-content\/uploads\/2026\/03\/WhatsApp-Image-2026-02-24-at-21.30.41.jpeg 900w\" sizes=\"auto, (max-width: 576px) 100vw, 576px\" \/><\/figure>\n<\/div>","protected":false},"excerpt":{"rendered":"","protected":false},"author":1,"featured_media":0,"parent":0,"menu_order":0,"comment_status":"closed","ping_status":"closed","template":"","meta":{"footnotes":""},"class_list":["post-15","page","type-page","status-publish","hentry"],"_links":{"self":[{"href":"https:\/\/www.lesrollingchairs.be\/index.php?rest_route=\/wp\/v2\/pages\/15","targetHints":{"allow":["GET"]}}],"collection":[{"href":"https:\/\/www.lesrollingchairs.be\/index.php?rest_route=\/wp\/v2\/pages"}],"about":[{"href":"https:\/\/www.lesrollingchairs.be\/index.php?rest_route=\/wp\/v2\/types\/page"}],"author":[{"embeddable":true,"href":"https:\/\/www.lesrollingchairs.be\/index.php?rest_route=\/wp\/v2\/users\/1"}],"replies":[{"embeddable":true,"href":"https:\/\/www.lesrollingchairs.be\/index.php?rest_route=%2Fwp%2Fv2%2Fcomments&post=15"}],"version-history":[{"count":7,"href":"https:\/\/www.lesrollingchairs.be\/index.php?rest_route=\/wp\/v2\/pages\/15\/revisions"}],"predecessor-version":[{"id":433,"href":"https:\/\/www.lesrollingchairs.be\/index.php?rest_route=\/wp\/v2\/pages\/15\/revisions\/433"}],"wp:attachment":[{"href":"https:\/\/www.lesrollingchairs.be\/index.php?rest_route=%2Fwp%2Fv2%2Fmedia&parent=15"}],"curies":[{"name":"wp","href":"https:\/\/api.w.org\/{rel}","templated":true}]}}