{"id":23,"date":"2026-02-08T17:33:28","date_gmt":"2026-02-08T17:33:28","guid":{"rendered":"https:\/\/jcpictu.cluster029.hosting.ovh.net\/rollingchairs\/?page_id=23"},"modified":"2026-04-02T21:59:42","modified_gmt":"2026-04-02T21:59:42","slug":"news","status":"publish","type":"page","link":"https:\/\/www.lesrollingchairs.be\/?page_id=23","title":{"rendered":"News"},"content":{"rendered":"\n<blockquote class=\"wp-block-quote is-layout-flow wp-block-quote-is-layout-flow\">\n<h3 class=\"wp-block-heading has-vivid-cyan-blue-color has-text-color has-link-color wp-elements-0e26786a04d807e1a9f8e0abd2b24c16\">Quelques belles avanc\u00e9es pour notre ASBL<\/h3>\n<\/blockquote>\n\n\n\n<p>Un nouveau bateau rejoint notre flotte, du nouveau mat\u00e9riel en badminton pour progresser et des am\u00e9liorations en handibasket avec des sangles renforc\u00e9es et plus de s\u00e9curit\u00e9 pour nos chaises.<\/p>\n\n\n\n<p>Nous avons aussi renouvel\u00e9 notre flotte de v\u00eatements: t-shirts, gilets, gilets de sauvetage et blouses pour nos b\u00e9n\u00e9voles. Chez nous, chaque nouveau joueur re\u00e7oit son kit du club !<\/p>\n\n\n\n<p>Grande fiert\u00e9: nous avons obtenu le label pour le tennis, le basket et le badminton!<\/p>\n\n\n\n<p>Un immense MERCI \u00e0 nos partenaires et donateurs. Gr\u00e2ce \u00e0 vous, chaque euro investi fait grandir le handisport et multiplie les opportunit\u00e9s de pratique pour tous !<\/p>\n\n\n\n<figure class=\"wp-block-gallery has-nested-images columns-default is-cropped wp-block-gallery-1 is-layout-flex wp-block-gallery-is-layout-flex\">\n<figure class=\"wp-block-image size-large is-style-default\"><img loading=\"lazy\" decoding=\"async\" width=\"1024\" height=\"462\" data-id=\"440\" src=\"https:\/\/www.lesrollingchairs.be\/wp-content\/uploads\/2026\/04\/Labelisations-LHF_001-2-1024x462.jpg\" alt=\"\" class=\"wp-image-440\" srcset=\"https:\/\/www.lesrollingchairs.be\/wp-content\/uploads\/2026\/04\/Labelisations-LHF_001-2-1024x462.jpg 1024w, https:\/\/www.lesrollingchairs.be\/wp-content\/uploads\/2026\/04\/Labelisations-LHF_001-2-300x135.jpg 300w, https:\/\/www.lesrollingchairs.be\/wp-content\/uploads\/2026\/04\/Labelisations-LHF_001-2-768x346.jpg 768w, https:\/\/www.lesrollingchairs.be\/wp-content\/uploads\/2026\/04\/Labelisations-LHF_001-2-1536x692.jpg 1536w, https:\/\/www.lesrollingchairs.be\/wp-content\/uploads\/2026\/04\/Labelisations-LHF_001-2.jpg 2048w\" sizes=\"auto, (max-width: 1024px) 100vw, 1024px\" \/><\/figure>\n\n\n\n<figure class=\"wp-block-image size-large\"><img loading=\"lazy\" decoding=\"async\" width=\"462\" height=\"1024\" data-id=\"441\" src=\"https:\/\/www.lesrollingchairs.be\/wp-content\/uploads\/2026\/04\/materiel-de-badminton_001-2-462x1024.jpg\" alt=\"\" class=\"wp-image-441\" srcset=\"https:\/\/www.lesrollingchairs.be\/wp-content\/uploads\/2026\/04\/materiel-de-badminton_001-2-462x1024.jpg 462w, https:\/\/www.lesrollingchairs.be\/wp-content\/uploads\/2026\/04\/materiel-de-badminton_001-2-135x300.jpg 135w, https:\/\/www.lesrollingchairs.be\/wp-content\/uploads\/2026\/04\/materiel-de-badminton_001-2-768x1702.jpg 768w, https:\/\/www.lesrollingchairs.be\/wp-content\/uploads\/2026\/04\/materiel-de-badminton_001-2-693x1536.jpg 693w, https:\/\/www.lesrollingchairs.be\/wp-content\/uploads\/2026\/04\/materiel-de-badminton_001-2.jpg 924w\" sizes=\"auto, (max-width: 462px) 100vw, 462px\" \/><\/figure>\n\n\n\n<figure class=\"wp-block-image size-large\"><img loading=\"lazy\" decoding=\"async\" width=\"1024\" height=\"462\" data-id=\"444\" src=\"https:\/\/www.lesrollingchairs.be\/wp-content\/uploads\/2026\/04\/Sangles-pour-les-chaises-de-basket_001-1024x462.jpg\" alt=\"\" class=\"wp-image-444\" srcset=\"https:\/\/www.lesrollingchairs.be\/wp-content\/uploads\/2026\/04\/Sangles-pour-les-chaises-de-basket_001-1024x462.jpg 1024w, https:\/\/www.lesrollingchairs.be\/wp-content\/uploads\/2026\/04\/Sangles-pour-les-chaises-de-basket_001-300x135.jpg 300w, https:\/\/www.lesrollingchairs.be\/wp-content\/uploads\/2026\/04\/Sangles-pour-les-chaises-de-basket_001-768x346.jpg 768w, https:\/\/www.lesrollingchairs.be\/wp-content\/uploads\/2026\/04\/Sangles-pour-les-chaises-de-basket_001-1536x692.jpg 1536w, https:\/\/www.lesrollingchairs.be\/wp-content\/uploads\/2026\/04\/Sangles-pour-les-chaises-de-basket_001.jpg 2048w\" sizes=\"auto, (max-width: 1024px) 100vw, 1024px\" \/><\/figure>\n\n\n\n<figure class=\"wp-block-image size-large\"><img loading=\"lazy\" decoding=\"async\" width=\"1024\" height=\"462\" data-id=\"443\" src=\"https:\/\/www.lesrollingchairs.be\/wp-content\/uploads\/2026\/04\/Sangles-pour-les-chaises-de-basket_002-1024x462.jpg\" alt=\"\" class=\"wp-image-443\" srcset=\"https:\/\/www.lesrollingchairs.be\/wp-content\/uploads\/2026\/04\/Sangles-pour-les-chaises-de-basket_002-1024x462.jpg 1024w, https:\/\/www.lesrollingchairs.be\/wp-content\/uploads\/2026\/04\/Sangles-pour-les-chaises-de-basket_002-300x135.jpg 300w, https:\/\/www.lesrollingchairs.be\/wp-content\/uploads\/2026\/04\/Sangles-pour-les-chaises-de-basket_002-768x346.jpg 768w, https:\/\/www.lesrollingchairs.be\/wp-content\/uploads\/2026\/04\/Sangles-pour-les-chaises-de-basket_002-1536x692.jpg 1536w, https:\/\/www.lesrollingchairs.be\/wp-content\/uploads\/2026\/04\/Sangles-pour-les-chaises-de-basket_002.jpg 2048w\" sizes=\"auto, (max-width: 1024px) 100vw, 1024px\" \/><\/figure>\n\n\n\n<figure class=\"wp-block-image size-large\"><img loading=\"lazy\" decoding=\"async\" width=\"1024\" height=\"462\" data-id=\"442\" src=\"https:\/\/www.lesrollingchairs.be\/wp-content\/uploads\/2026\/04\/Sangles-pour-les-chaises-de-basket_003-1024x462.jpg\" alt=\"\" class=\"wp-image-442\" srcset=\"https:\/\/www.lesrollingchairs.be\/wp-content\/uploads\/2026\/04\/Sangles-pour-les-chaises-de-basket_003-1024x462.jpg 1024w, https:\/\/www.lesrollingchairs.be\/wp-content\/uploads\/2026\/04\/Sangles-pour-les-chaises-de-basket_003-300x135.jpg 300w, https:\/\/www.lesrollingchairs.be\/wp-content\/uploads\/2026\/04\/Sangles-pour-les-chaises-de-basket_003-768x346.jpg 768w, https:\/\/www.lesrollingchairs.be\/wp-content\/uploads\/2026\/04\/Sangles-pour-les-chaises-de-basket_003-1536x692.jpg 1536w, https:\/\/www.lesrollingchairs.be\/wp-content\/uploads\/2026\/04\/Sangles-pour-les-chaises-de-basket_003.jpg 2048w\" sizes=\"auto, (max-width: 1024px) 100vw, 1024px\" \/><\/figure>\n\n\n\n<figure class=\"wp-block-image size-large\"><img loading=\"lazy\" decoding=\"async\" width=\"768\" height=\"1024\" data-id=\"449\" src=\"https:\/\/www.lesrollingchairs.be\/wp-content\/uploads\/2026\/04\/Zoe-et-le-miniji_001-768x1024.jpg\" alt=\"\" class=\"wp-image-449\" srcset=\"https:\/\/www.lesrollingchairs.be\/wp-content\/uploads\/2026\/04\/Zoe-et-le-miniji_001-768x1024.jpg 768w, https:\/\/www.lesrollingchairs.be\/wp-content\/uploads\/2026\/04\/Zoe-et-le-miniji_001-225x300.jpg 225w, https:\/\/www.lesrollingchairs.be\/wp-content\/uploads\/2026\/04\/Zoe-et-le-miniji_001-1152x1536.jpg 1152w, https:\/\/www.lesrollingchairs.be\/wp-content\/uploads\/2026\/04\/Zoe-et-le-miniji_001.jpg 1536w\" sizes=\"auto, (max-width: 768px) 100vw, 768px\" \/><\/figure>\n\n\n\n<figure class=\"wp-block-image size-large\"><img loading=\"lazy\" decoding=\"async\" width=\"1024\" height=\"768\" data-id=\"450\" src=\"https:\/\/www.lesrollingchairs.be\/wp-content\/uploads\/2026\/04\/Zoe-et-le-miniji_002-1024x768.jpg\" alt=\"\" class=\"wp-image-450\" srcset=\"https:\/\/www.lesrollingchairs.be\/wp-content\/uploads\/2026\/04\/Zoe-et-le-miniji_002-1024x768.jpg 1024w, https:\/\/www.lesrollingchairs.be\/wp-content\/uploads\/2026\/04\/Zoe-et-le-miniji_002-300x225.jpg 300w, https:\/\/www.lesrollingchairs.be\/wp-content\/uploads\/2026\/04\/Zoe-et-le-miniji_002-768x576.jpg 768w, https:\/\/www.lesrollingchairs.be\/wp-content\/uploads\/2026\/04\/Zoe-et-le-miniji_002-1536x1152.jpg 1536w, https:\/\/www.lesrollingchairs.be\/wp-content\/uploads\/2026\/04\/Zoe-et-le-miniji_002.jpg 2048w\" sizes=\"auto, (max-width: 1024px) 100vw, 1024px\" \/><\/figure>\n\n\n\n<figure class=\"wp-block-image size-large\"><img loading=\"lazy\" decoding=\"async\" width=\"462\" height=\"1024\" data-id=\"448\" src=\"https:\/\/www.lesrollingchairs.be\/wp-content\/uploads\/2026\/04\/Zoe-et-le-miniji_003-462x1024.jpg\" alt=\"\" class=\"wp-image-448\" srcset=\"https:\/\/www.lesrollingchairs.be\/wp-content\/uploads\/2026\/04\/Zoe-et-le-miniji_003-462x1024.jpg 462w, https:\/\/www.lesrollingchairs.be\/wp-content\/uploads\/2026\/04\/Zoe-et-le-miniji_003-135x300.jpg 135w, https:\/\/www.lesrollingchairs.be\/wp-content\/uploads\/2026\/04\/Zoe-et-le-miniji_003-768x1702.jpg 768w, https:\/\/www.lesrollingchairs.be\/wp-content\/uploads\/2026\/04\/Zoe-et-le-miniji_003-693x1536.jpg 693w, https:\/\/www.lesrollingchairs.be\/wp-content\/uploads\/2026\/04\/Zoe-et-le-miniji_003.jpg 924w\" sizes=\"auto, (max-width: 462px) 100vw, 462px\" \/><\/figure>\n\n\n\n<figure class=\"wp-block-image size-large\"><img loading=\"lazy\" decoding=\"async\" width=\"462\" height=\"1024\" data-id=\"446\" src=\"https:\/\/www.lesrollingchairs.be\/wp-content\/uploads\/2026\/04\/Zoe-et-le-miniji_004-462x1024.jpg\" alt=\"\" class=\"wp-image-446\" srcset=\"https:\/\/www.lesrollingchairs.be\/wp-content\/uploads\/2026\/04\/Zoe-et-le-miniji_004-462x1024.jpg 462w, https:\/\/www.lesrollingchairs.be\/wp-content\/uploads\/2026\/04\/Zoe-et-le-miniji_004-135x300.jpg 135w, https:\/\/www.lesrollingchairs.be\/wp-content\/uploads\/2026\/04\/Zoe-et-le-miniji_004-768x1702.jpg 768w, https:\/\/www.lesrollingchairs.be\/wp-content\/uploads\/2026\/04\/Zoe-et-le-miniji_004-693x1536.jpg 693w, https:\/\/www.lesrollingchairs.be\/wp-content\/uploads\/2026\/04\/Zoe-et-le-miniji_004.jpg 924w\" sizes=\"auto, (max-width: 462px) 100vw, 462px\" \/><\/figure>\n\n\n\n<figure class=\"wp-block-image size-large\"><img loading=\"lazy\" decoding=\"async\" width=\"462\" height=\"1024\" data-id=\"447\" src=\"https:\/\/www.lesrollingchairs.be\/wp-content\/uploads\/2026\/04\/Zoe-et-le-miniji_005-462x1024.jpg\" alt=\"\" class=\"wp-image-447\" srcset=\"https:\/\/www.lesrollingchairs.be\/wp-content\/uploads\/2026\/04\/Zoe-et-le-miniji_005-462x1024.jpg 462w, https:\/\/www.lesrollingchairs.be\/wp-content\/uploads\/2026\/04\/Zoe-et-le-miniji_005-135x300.jpg 135w, https:\/\/www.lesrollingchairs.be\/wp-content\/uploads\/2026\/04\/Zoe-et-le-miniji_005-768x1702.jpg 768w, https:\/\/www.lesrollingchairs.be\/wp-content\/uploads\/2026\/04\/Zoe-et-le-miniji_005-693x1536.jpg 693w, https:\/\/www.lesrollingchairs.be\/wp-content\/uploads\/2026\/04\/Zoe-et-le-miniji_005.jpg 924w\" sizes=\"auto, (max-width: 462px) 100vw, 462px\" \/><\/figure>\n<\/figure>\n\n\n<ul class=\"wp-block-latest-posts__list wp-block-latest-posts\"><li><div class=\"wp-block-latest-posts__featured-image aligncenter\"><img loading=\"lazy\" decoding=\"async\" width=\"150\" height=\"150\" src=\"https:\/\/www.lesrollingchairs.be\/wp-content\/uploads\/2026\/03\/557629957_10240964161021923_6051262259874102881_n-150x150.jpg\" class=\"attachment-thumbnail size-thumbnail wp-post-image\" alt=\"\" style=\"\" \/><\/div><a class=\"wp-block-latest-posts__post-title\" href=\"https:\/\/www.lesrollingchairs.be\/?p=314\">Zo\u00e9 &#8211; Le handivoile m\u2019a aid\u00e9e \u00e0 retrouver confiance en moi<\/a><div class=\"wp-block-latest-posts__post-excerpt\">Zo\u00e9 Cacciatore d\u2019Amay, touch\u00e9e par une maladie orpheline, s\u2019\u00e9panouit en prenant le large Atteinte du syndrome d\u2019Ehlers-Danlos, Zo\u00e9 Cacciatore (seize ans) n\u2019a pas laiss\u00e9 sa maladie prendre le dessus sur sa vie. Depuis deux ans, elle pratique le handivoile \u00e0 haut niveau. \u25a0 ZO\u00c9 \u2013 Une aventure humaine et sportive hors du commun Je m\u2019appelle\u2026 <a class=\"wp-block-latest-posts__read-more\" href=\"https:\/\/www.lesrollingchairs.be\/?p=314\" rel=\"noopener noreferrer\">Read more<span class=\"screen-reader-text\">: Zo\u00e9 &#8211; Le handivoile m\u2019a aid\u00e9e \u00e0 retrouver confiance en moi<\/span><\/a><\/div><\/li>\n<\/ul>","protected":false},"excerpt":{"rendered":"<p>Quelques belles avanc\u00e9es pour notre ASBL Un nouveau bateau rejoint notre flotte, du nouveau mat\u00e9riel en badminton pour progresser et des am\u00e9liorations en handibasket avec des sangles renforc\u00e9es et plus de s\u00e9curit\u00e9 pour nos chaises. Nous avons aussi renouvel\u00e9 notre flotte de v\u00eatements: t-shirts, gilets, gilets de sauvetage et blouses pour nos b\u00e9n\u00e9voles. Chez nous, [&hellip;]<\/p>\n","protected":false},"author":1,"featured_media":0,"parent":0,"menu_order":0,"comment_status":"closed","ping_status":"closed","template":"","meta":{"footnotes":""},"class_list":["post-23","page","type-page","status-publish","hentry"],"_links":{"self":[{"href":"https:\/\/www.lesrollingchairs.be\/index.php?rest_route=\/wp\/v2\/pages\/23","targetHints":{"allow":["GET"]}}],"collection":[{"href":"https:\/\/www.lesrollingchairs.be\/index.php?rest_route=\/wp\/v2\/pages"}],"about":[{"href":"https:\/\/www.lesrollingchairs.be\/index.php?rest_route=\/wp\/v2\/types\/page"}],"author":[{"embeddable":true,"href":"https:\/\/www.lesrollingchairs.be\/index.php?rest_route=\/wp\/v2\/users\/1"}],"replies":[{"embeddable":true,"href":"https:\/\/www.lesrollingchairs.be\/index.php?rest_route=%2Fwp%2Fv2%2Fcomments&post=23"}],"version-history":[{"count":10,"href":"https:\/\/www.lesrollingchairs.be\/index.php?rest_route=\/wp\/v2\/pages\/23\/revisions"}],"predecessor-version":[{"id":453,"href":"https:\/\/www.lesrollingchairs.be\/index.php?rest_route=\/wp\/v2\/pages\/23\/revisions\/453"}],"wp:attachment":[{"href":"https:\/\/www.lesrollingchairs.be\/index.php?rest_route=%2Fwp%2Fv2%2Fmedia&parent=23"}],"curies":[{"name":"wp","href":"https:\/\/api.w.org\/{rel}","templated":true}]}}