{"id":25,"date":"2026-02-08T17:33:59","date_gmt":"2026-02-08T17:33:59","guid":{"rendered":"https:\/\/jcpictu.cluster029.hosting.ovh.net\/rollingchairs\/?page_id=25"},"modified":"2026-03-24T21:13:56","modified_gmt":"2026-03-24T21:13:56","slug":"partenaires","status":"publish","type":"page","link":"https:\/\/www.lesrollingchairs.be\/?page_id=25","title":{"rendered":"Partenaires"},"content":{"rendered":"\n<p>Merci aux administrateurs, soci\u00e9t\u00e9s, associations pour leur soutien car sans eux ce projet n&rsquo;aurait pas pu voir le jour!<\/p>\n\n\n\n<p>Grace a vous nous offrons du mat\u00e9riel de qualit\u00e9, des installations accessibles et donnons \u00e0 chacun l\u2019envie de se d\u00e9passer. <\/p>\n\n\n\n<p>Notre bureau comptable est Zimbili Bruno de Dilbeek Merci \u00e0 lui ! <\/p>\n\n\n\n<p><strong>Vous d\u00e9sirez nous soutenir, nous avons la d\u00e9ductibilit\u00e9 fiscale !!! Un gage de s\u00e9rieux reconnu pour notre gestion rigoureuse !!<\/strong><br><\/p>\n\n\n<div class=\"wp-block-image\">\n<figure class=\"aligncenter size-large\"><img loading=\"lazy\" decoding=\"async\" width=\"1024\" height=\"732\" src=\"https:\/\/jcpictu.cluster029.hosting.ovh.net\/rollingchairs\/wp-content\/uploads\/2026\/03\/logos_janvier_2026-1024x732.jpg\" alt=\"\" class=\"wp-image-401\" srcset=\"https:\/\/www.lesrollingchairs.be\/wp-content\/uploads\/2026\/03\/logos_janvier_2026-1024x732.jpg 1024w, https:\/\/www.lesrollingchairs.be\/wp-content\/uploads\/2026\/03\/logos_janvier_2026-300x214.jpg 300w, https:\/\/www.lesrollingchairs.be\/wp-content\/uploads\/2026\/03\/logos_janvier_2026-768x549.jpg 768w, https:\/\/www.lesrollingchairs.be\/wp-content\/uploads\/2026\/03\/logos_janvier_2026-1536x1098.jpg 1536w, https:\/\/www.lesrollingchairs.be\/wp-content\/uploads\/2026\/03\/logos_janvier_2026-2048x1464.jpg 2048w\" sizes=\"auto, (max-width: 1024px) 100vw, 1024px\" \/><\/figure>\n<\/div>","protected":false},"excerpt":{"rendered":"<p>Merci aux administrateurs, soci\u00e9t\u00e9s, associations pour leur soutien car sans eux ce projet n&rsquo;aurait pas pu voir le jour! Grace a vous nous offrons du mat\u00e9riel de qualit\u00e9, des installations accessibles et donnons \u00e0 chacun l\u2019envie de se d\u00e9passer. Notre bureau comptable est Zimbili Bruno de Dilbeek Merci \u00e0 lui ! Vous d\u00e9sirez nous soutenir, [&hellip;]<\/p>\n","protected":false},"author":1,"featured_media":0,"parent":0,"menu_order":0,"comment_status":"closed","ping_status":"closed","template":"","meta":{"footnotes":""},"class_list":["post-25","page","type-page","status-publish","hentry"],"_links":{"self":[{"href":"https:\/\/www.lesrollingchairs.be\/index.php?rest_route=\/wp\/v2\/pages\/25","targetHints":{"allow":["GET"]}}],"collection":[{"href":"https:\/\/www.lesrollingchairs.be\/index.php?rest_route=\/wp\/v2\/pages"}],"about":[{"href":"https:\/\/www.lesrollingchairs.be\/index.php?rest_route=\/wp\/v2\/types\/page"}],"author":[{"embeddable":true,"href":"https:\/\/www.lesrollingchairs.be\/index.php?rest_route=\/wp\/v2\/users\/1"}],"replies":[{"embeddable":true,"href":"https:\/\/www.lesrollingchairs.be\/index.php?rest_route=%2Fwp%2Fv2%2Fcomments&post=25"}],"version-history":[{"count":17,"href":"https:\/\/www.lesrollingchairs.be\/index.php?rest_route=\/wp\/v2\/pages\/25\/revisions"}],"predecessor-version":[{"id":429,"href":"https:\/\/www.lesrollingchairs.be\/index.php?rest_route=\/wp\/v2\/pages\/25\/revisions\/429"}],"wp:attachment":[{"href":"https:\/\/www.lesrollingchairs.be\/index.php?rest_route=%2Fwp%2Fv2%2Fmedia&parent=25"}],"curies":[{"name":"wp","href":"https:\/\/api.w.org\/{rel}","templated":true}]}}