{"id":28,"date":"2026-02-08T17:34:44","date_gmt":"2026-02-08T17:34:44","guid":{"rendered":"https:\/\/jcpictu.cluster029.hosting.ovh.net\/rollingchairs\/?page_id=28"},"modified":"2026-02-16T19:55:23","modified_gmt":"2026-02-16T19:55:23","slug":"a-propos","status":"publish","type":"page","link":"https:\/\/www.lesrollingchairs.be\/?page_id=28","title":{"rendered":"A propos"},"content":{"rendered":"\n<p>Cr\u00e9\u00e9e le 6 juin 2015, notre ASBL est n\u00e9e du d\u00e9fi lanc\u00e9 par trois amis : Laurent, Monique et Andr\u00e9. Partis de rien, ils onts d\u00e9cid\u00e9s de rendre le sport accessible aux personnes en situation de handicap moteur en investissant dans du mat\u00e9riel adapt\u00e9 et s\u00e9curis\u00e9, avec un encadrement de qualit\u00e9.<\/p>\n\n\n\n<p>Aujourd&rsquo;hui, le pari est r\u00e9ussi. L&rsquo;\u00e9quipe s&rsquo;est agrandie avec Mimi, Toto, Sophie, Sarah et Andr\u00e9. Une \u00e9quipe engag\u00e9e, passionn\u00e9e et profond\u00e9ment humaine.<\/p>\n\n\n\n<p class=\"has-luminous-vivid-amber-color has-text-color has-link-color wp-elements-62e241c7641768ad74cba1dabddd41b1\">Notre mission :<\/p>\n\n\n\n<p>Rendre le sport accessible \u00e0 toutes et tous, quelles que soient les capacit\u00e9 physiques.<\/p>\n\n\n\n<p>Nous sommes convaincus que le sport est un formidable outil d&rsquo;inclusion de d\u00e9passement de soi et de partage. Il doit rester un espace de libert\u00e9, d&rsquo;\u00e9panouissement et de rencontres enrichissantes.<\/p>\n\n\n\n<p class=\"has-luminous-vivid-amber-color has-text-color has-link-color wp-elements-a91a2a077d9631f5c9e8b032d574ff01\">Nos valeurs:<\/p>\n\n\n\n<p>Au coeur de notre ASBL:<br> INCLUSION &#8211; SOLIDARITE &#8211; ESPRIT D&rsquo;EQUIPE<br>Notre comit\u00e9 est majoritairement compos\u00e9 de personnes en situation de handicap, particuli\u00e8rement attentives aux besoins<\/p>\n","protected":false},"excerpt":{"rendered":"<p>Cr\u00e9\u00e9e le 6 juin 2015, notre ASBL est n\u00e9e du d\u00e9fi lanc\u00e9 par trois amis : Laurent, Monique et Andr\u00e9. Partis de rien, ils onts d\u00e9cid\u00e9s de rendre le sport accessible aux personnes en situation de handicap moteur en investissant dans du mat\u00e9riel adapt\u00e9 et s\u00e9curis\u00e9, avec un encadrement de qualit\u00e9. Aujourd&rsquo;hui, le pari est [&hellip;]<\/p>\n","protected":false},"author":1,"featured_media":0,"parent":0,"menu_order":0,"comment_status":"closed","ping_status":"closed","template":"","meta":{"footnotes":""},"class_list":["post-28","page","type-page","status-publish","hentry"],"_links":{"self":[{"href":"https:\/\/www.lesrollingchairs.be\/index.php?rest_route=\/wp\/v2\/pages\/28","targetHints":{"allow":["GET"]}}],"collection":[{"href":"https:\/\/www.lesrollingchairs.be\/index.php?rest_route=\/wp\/v2\/pages"}],"about":[{"href":"https:\/\/www.lesrollingchairs.be\/index.php?rest_route=\/wp\/v2\/types\/page"}],"author":[{"embeddable":true,"href":"https:\/\/www.lesrollingchairs.be\/index.php?rest_route=\/wp\/v2\/users\/1"}],"replies":[{"embeddable":true,"href":"https:\/\/www.lesrollingchairs.be\/index.php?rest_route=%2Fwp%2Fv2%2Fcomments&post=28"}],"version-history":[{"count":2,"href":"https:\/\/www.lesrollingchairs.be\/index.php?rest_route=\/wp\/v2\/pages\/28\/revisions"}],"predecessor-version":[{"id":258,"href":"https:\/\/www.lesrollingchairs.be\/index.php?rest_route=\/wp\/v2\/pages\/28\/revisions\/258"}],"wp:attachment":[{"href":"https:\/\/www.lesrollingchairs.be\/index.php?rest_route=%2Fwp%2Fv2%2Fmedia&parent=28"}],"curies":[{"name":"wp","href":"https:\/\/api.w.org\/{rel}","templated":true}]}}